{"id":1425,"date":"2024-01-10T14:07:46","date_gmt":"2024-01-10T14:07:46","guid":{"rendered":"http:\/\/localhost\/trans\/?page_id=1425"},"modified":"2025-03-14T10:30:09","modified_gmt":"2025-03-14T10:30:09","slug":"aktualnosci","status":"publish","type":"page","link":"https:\/\/www.trans-uslugi.pl\/?page_id=1425","title":{"rendered":"Aktualno\u015bci"},"content":{"rendered":"\n<p><\/p>\n\n\n\n<div class=\"wp-block-uagb-container uagb-block-3163003f alignfull uagb-is-root-container\"><div class=\"uagb-container-inner-blocks-wrap\">\n<div class=\"wp-block-uagb-container uagb-block-8037207e\">\n<figure class=\"wp-block-gallery has-nested-images columns-default is-cropped wp-block-gallery-1 is-layout-flex wp-block-gallery-is-layout-flex\">\n<figure class=\"wp-block-image size-large\"><img fetchpriority=\"high\" decoding=\"async\" width=\"1024\" height=\"858\" data-id=\"2342\" src=\"https:\/\/www.trans-uslugi.pl\/wp-content\/uploads\/2025\/02\/kup-bilet-1-1024x858.jpg\" alt=\"\" class=\"wp-image-2342\" srcset=\"https:\/\/www.trans-uslugi.pl\/wp-content\/uploads\/2025\/02\/kup-bilet-1-1024x858.jpg 1024w, https:\/\/www.trans-uslugi.pl\/wp-content\/uploads\/2025\/02\/kup-bilet-1-300x251.jpg 300w, https:\/\/www.trans-uslugi.pl\/wp-content\/uploads\/2025\/02\/kup-bilet-1-768x643.jpg 768w, https:\/\/www.trans-uslugi.pl\/wp-content\/uploads\/2025\/02\/kup-bilet-1.jpg 1079w\" sizes=\"(max-width: 1024px) 100vw, 1024px\" \/><\/figure>\n<\/figure>\n<\/div>\n\n\n\n<div class=\"wp-block-uagb-container uagb-block-75143d87\">\n<p class=\"has-text-align-center\"><strong><mark style=\"background-color:rgba(0, 0, 0, 0)\" class=\"has-inline-color has-ast-global-color-0-color\">ZMIANY W SPRZEDA\u017bY ON-LINE NA KURSY TRANS &#8211; US\u0141UGI PO\u0141E\u0106<\/mark><\/strong><\/p>\n\n\n\n<p class=\"has-text-align-center\"><strong>Szanowni Pa\u0144stwo,<\/strong><\/p>\n\n\n\n<p class=\"has-text-align-center\">Informujemy, \u017ce od dnia 11.02.2025 (wtorek) bilety na kursy firmy Trans &#8211; Us\u0142ugi Po\u0142e\u0107 b\u0119dzie mo\u017cna naby\u0107 za po\u015brednictwem w\u0142asnego systemu sprzeda\u017cowego Sp\u00f3\u0142ki. Zach\u0119camy do korzystania z tej formy sprzeda\u017cy!<\/p>\n\n\n\n<p class=\"has-text-align-center\"><strong>Zakupu mo\u017cna dokona\u0107 na kursy od 16.02.2025 (niedziela).<\/strong><\/p>\n\n\n\n<p class=\"has-text-align-center\">Wystarczy klikn\u0105\u0107 w ikon\u0119 <strong><a href=\"https:\/\/bilety.trans-uslugi.pl\/\">KUP BILET<\/a><\/strong> w prawym g\u00f3rnym rogu naszej strony, wybra\u0107 tras\u0119, dat\u0119 i potwierdzi\u0107 przyciskaj\u0105c: <strong>WY\u015aWIETL KURSY.<\/strong><\/p>\n\n\n\n<p class=\"has-text-align-center\">Sprzeda\u017c dotyczy kurs\u00f3w:<\/p>\n\n\n\n<p class=\"has-text-align-center\">Gorlice (ul. W\u0119gierska 29) &#8211; Krak\u00f3w: poniedzia\u0142ek &#8211; sobota: 7.30 i 14.30 oraz niedziela 11.00 i 13.30 <\/p>\n\n\n\n<p class=\"has-text-align-center\">Krak\u00f3w (MDA ul. Bosacka 18) &#8211; Gorlice:  poniedzia\u0142ek &#8211; sobota: 15.15 i 20.05 oraz niedziela 16.00 i 18.00<\/p>\n\n\n\n<p class=\"has-text-align-center\">Bilety na kursy Europol Po\u0142e\u0107 pozostaj\u0105 bez zmian na stronie: www.bilety.europol-polec.pl<\/p>\n\n\n\n<p class=\"has-text-align-center\">W zwi\u0105zku z powy\u017cszym zaktualizowano Regulamin Przewoz\u00f3w Trans &#8211; Us\u0142ugi Po\u0142e\u0107 Sp. J., dost\u0119pny w zak\u0142adce: Nasze us\u0142ugi &#8211; Regulamin i Polityka Prywatno\u015bci.<\/p>\n\n\n\n<p class=\"has-text-align-center\">W razie pyta\u0144 prosimy o kontakt 18 3526527 lub na biuro@trans-uslugi.pl .<\/p>\n\n\n\n<p><\/p>\n\n\n\n<p><\/p>\n<\/div>\n<\/div><\/div>\n\n\n\n<p class=\"has-text-align-center\"><\/p>\n\n\n\n<p><\/p>\n\n\n\n<div class=\"wp-block-uagb-container uagb-block-04427ec3 alignfull uagb-is-root-container\"><div class=\"uagb-container-inner-blocks-wrap\">\n<div class=\"wp-block-uagb-container uagb-block-f581247d\">\n<figure class=\"wp-block-image alignwide size-full\"><img decoding=\"async\" width=\"940\" height=\"788\" src=\"https:\/\/www.trans-uslugi.pl\/wp-content\/uploads\/2024\/08\/Bialy-Niebieski-Jasnoniebieski-Geometryczny-Firmowy-Post-na-Facebooka_20240828_114848_0000.png\" alt=\"\" class=\"wp-image-2145\" srcset=\"https:\/\/www.trans-uslugi.pl\/wp-content\/uploads\/2024\/08\/Bialy-Niebieski-Jasnoniebieski-Geometryczny-Firmowy-Post-na-Facebooka_20240828_114848_0000.png 940w, https:\/\/www.trans-uslugi.pl\/wp-content\/uploads\/2024\/08\/Bialy-Niebieski-Jasnoniebieski-Geometryczny-Firmowy-Post-na-Facebooka_20240828_114848_0000-300x251.png 300w, https:\/\/www.trans-uslugi.pl\/wp-content\/uploads\/2024\/08\/Bialy-Niebieski-Jasnoniebieski-Geometryczny-Firmowy-Post-na-Facebooka_20240828_114848_0000-768x644.png 768w\" sizes=\"(max-width: 940px) 100vw, 940px\" \/><\/figure>\n<\/div>\n\n\n\n<div class=\"wp-block-uagb-container uagb-block-72296ddc\">\n<p class=\"has-text-align-center\"><mark style=\"background-color:rgba(0, 0, 0, 0)\" class=\"has-inline-color has-ast-global-color-0-color\"><strong>ZMIANA ROZK\u0141ADU JAZDY <\/strong><\/mark><\/p>\n\n\n\n<p class=\"has-text-align-center\"><mark style=\"background-color:rgba(0, 0, 0, 0)\" class=\"has-inline-color has-ast-global-color-0-color\"><strong> <\/strong><\/mark><\/p>\n\n\n\n<p class=\"has-text-align-center\"><strong>Szanowni Pa\u0144stwo!<\/strong> Informujemy, \u017ce z dniem 01.09.2024 r. nast\u0105pi\u0105 zmiany w naszym rozk\u0142adzie jazdy <\/p>\n\n\n\n<p class=\"has-text-align-center\">na linii Gorlice &#8211; Krak\u00f3w.<\/p>\n\n\n\n<p class=\"has-text-align-center\"><strong>Zapraszamy do zapoznania si\u0119 ze szczeg\u00f3\u0142ami w zak\u0142adce <a href=\"https:\/\/www.trans-uslugi.pl\/?page_id=1400\"><mark style=\"background-color:rgba(0, 0, 0, 0)\" class=\"has-inline-color has-ast-global-color-0-color\">ROZK\u0141AD JAZDY<\/mark><\/a><\/strong><\/p>\n\n\n\n<p class=\"has-text-align-center\"><\/p>\n\n\n\n<p><\/p>\n\n\n\n<p class=\"has-text-align-right\"><\/p>\n<\/div>\n<\/div><\/div>\n","protected":false},"excerpt":{"rendered":"<p>ZMIANY W SPRZEDA\u017bY ON-LINE NA KURSY TRANS &#8211; US\u0141UGI PO\u0141E\u0106 Szanowni Pa\u0144stwo, Informujemy, \u017ce od dnia 11.02.2025 (wtorek) bilety na kursy firmy Trans &#8211; Us\u0142ugi Po\u0142e\u0107 b\u0119dzie mo\u017cna naby\u0107 za po\u015brednictwem w\u0142asnego systemu sprzeda\u017cowego Sp\u00f3\u0142ki. Zach\u0119camy do korzystania z tej formy sprzeda\u017cy! Zakupu mo\u017cna dokona\u0107 na kursy od 16.02.2025 (niedziela). Wystarczy klikn\u0105\u0107 w ikon\u0119 KUP [&hellip;]<\/p>\n","protected":false},"author":3,"featured_media":0,"parent":0,"menu_order":0,"comment_status":"closed","ping_status":"closed","template":"","meta":{"inline_featured_image":false,"_uag_custom_page_level_css":"","site-sidebar-layout":"default","site-content-layout":"plain-container","ast-site-content-layout":"normal-width-container","site-content-style":"unboxed","site-sidebar-style":"unboxed","ast-global-header-display":"","ast-banner-title-visibility":"disabled","ast-main-header-display":"","ast-hfb-above-header-display":"","ast-hfb-below-header-display":"","ast-hfb-mobile-header-display":"","site-post-title":"","ast-breadcrumbs-content":"","ast-featured-img":"","footer-sml-layout":"","ast-disable-related-posts":"","theme-transparent-header-meta":"","adv-header-id-meta":"","stick-header-meta":"","header-above-stick-meta":"","header-main-stick-meta":"","header-below-stick-meta":"","astra-migrate-meta-layouts":"set","ast-page-background-enabled":"default","ast-page-background-meta":{"desktop":{"background-color":"var(--ast-global-color-4)","background-image":"","background-repeat":"repeat","background-position":"center center","background-size":"auto","background-attachment":"scroll","background-type":"","background-media":"","overlay-type":"","overlay-color":"","overlay-opacity":"","overlay-gradient":""},"tablet":{"background-color":"","background-image":"","background-repeat":"repeat","background-position":"center center","background-size":"auto","background-attachment":"scroll","background-type":"","background-media":"","overlay-type":"","overlay-color":"","overlay-opacity":"","overlay-gradient":""},"mobile":{"background-color":"","background-image":"","background-repeat":"repeat","background-position":"center center","background-size":"auto","background-attachment":"scroll","background-type":"","background-media":"","overlay-type":"","overlay-color":"","overlay-opacity":"","overlay-gradient":""}},"ast-content-background-meta":{"desktop":{"background-color":"var(--ast-global-color-5)","background-image":"","background-repeat":"repeat","background-position":"center center","background-size":"auto","background-attachment":"scroll","background-type":"","background-media":"","overlay-type":"","overlay-color":"","overlay-opacity":"","overlay-gradient":""},"tablet":{"background-color":"var(--ast-global-color-5)","background-image":"","background-repeat":"repeat","background-position":"center center","background-size":"auto","background-attachment":"scroll","background-type":"","background-media":"","overlay-type":"","overlay-color":"","overlay-opacity":"","overlay-gradient":""},"mobile":{"background-color":"var(--ast-global-color-5)","background-image":"","background-repeat":"repeat","background-position":"center center","background-size":"auto","background-attachment":"scroll","background-type":"","background-media":"","overlay-type":"","overlay-color":"","overlay-opacity":"","overlay-gradient":""}},"footnotes":""},"class_list":["post-1425","page","type-page","status-publish","hentry"],"yoast_head":"<!-- This site is optimized with the Yoast SEO plugin v21.8.1 - https:\/\/yoast.com\/wordpress\/plugins\/seo\/ -->\n<title>Aktualno\u015bci - Trans-Us\u0142ugi Po\u0142e\u0107 Sp\u00f3\u0142ka Jawna<\/title>\n<meta name=\"robots\" content=\"index, follow, max-snippet:-1, max-image-preview:large, max-video-preview:-1\" \/>\n<link rel=\"canonical\" href=\"https:\/\/www.trans-uslugi.pl\/?page_id=1425\" \/>\n<meta property=\"og:locale\" content=\"pl_PL\" \/>\n<meta property=\"og:type\" content=\"article\" \/>\n<meta property=\"og:title\" content=\"Aktualno\u015bci - Trans-Us\u0142ugi Po\u0142e\u0107 Sp\u00f3\u0142ka Jawna\" \/>\n<meta property=\"og:description\" content=\"ZMIANY W SPRZEDA\u017bY ON-LINE NA KURSY TRANS &#8211; US\u0141UGI PO\u0141E\u0106 Szanowni Pa\u0144stwo, Informujemy, \u017ce od dnia 11.02.2025 (wtorek) bilety na kursy firmy Trans &#8211; Us\u0142ugi Po\u0142e\u0107 b\u0119dzie mo\u017cna naby\u0107 za po\u015brednictwem w\u0142asnego systemu sprzeda\u017cowego Sp\u00f3\u0142ki. Zach\u0119camy do korzystania z tej formy sprzeda\u017cy! Zakupu mo\u017cna dokona\u0107 na kursy od 16.02.2025 (niedziela). Wystarczy klikn\u0105\u0107 w ikon\u0119 KUP [&hellip;]\" \/>\n<meta property=\"og:url\" content=\"https:\/\/www.trans-uslugi.pl\/?page_id=1425\" \/>\n<meta property=\"og:site_name\" content=\"Trans-Us\u0142ugi Po\u0142e\u0107 Sp\u00f3\u0142ka Jawna\" \/>\n<meta property=\"article:publisher\" content=\"https:\/\/www.facebook.com\/people\/Trans-Usugi-Poe\/100057060895884\/\" \/>\n<meta property=\"article:modified_time\" content=\"2025-03-14T10:30:09+00:00\" \/>\n<meta property=\"og:image\" content=\"https:\/\/www.trans-uslugi.pl\/wp-content\/uploads\/2025\/02\/kup-bilet-1-1024x858.jpg\" \/>\n<meta name=\"twitter:card\" content=\"summary_large_image\" \/>\n<meta name=\"twitter:label1\" content=\"Szacowany czas czytania\" \/>\n\t<meta name=\"twitter:data1\" content=\"2 minuty\" \/>\n<script type=\"application\/ld+json\" class=\"yoast-schema-graph\">{\"@context\":\"https:\/\/schema.org\",\"@graph\":[{\"@type\":\"WebPage\",\"@id\":\"https:\/\/www.trans-uslugi.pl\/?page_id=1425\",\"url\":\"https:\/\/www.trans-uslugi.pl\/?page_id=1425\",\"name\":\"Aktualno\u015bci - Trans-Us\u0142ugi Po\u0142e\u0107 Sp\u00f3\u0142ka Jawna\",\"isPartOf\":{\"@id\":\"https:\/\/www.trans-uslugi.pl\/#website\"},\"datePublished\":\"2024-01-10T14:07:46+00:00\",\"dateModified\":\"2025-03-14T10:30:09+00:00\",\"breadcrumb\":{\"@id\":\"https:\/\/www.trans-uslugi.pl\/?page_id=1425#breadcrumb\"},\"inLanguage\":\"pl-PL\",\"potentialAction\":[{\"@type\":\"ReadAction\",\"target\":[\"https:\/\/www.trans-uslugi.pl\/?page_id=1425\"]}]},{\"@type\":\"BreadcrumbList\",\"@id\":\"https:\/\/www.trans-uslugi.pl\/?page_id=1425#breadcrumb\",\"itemListElement\":[{\"@type\":\"ListItem\",\"position\":1,\"name\":\"Strona g\u0142\u00f3wna\",\"item\":\"https:\/\/www.trans-uslugi.pl\/\"},{\"@type\":\"ListItem\",\"position\":2,\"name\":\"Aktualno\u015bci\"}]},{\"@type\":\"WebSite\",\"@id\":\"https:\/\/www.trans-uslugi.pl\/#website\",\"url\":\"https:\/\/www.trans-uslugi.pl\/\",\"name\":\"Trans-Us\u0142ugi Po\u0142e\u0107 Sp\u00f3\u0142ka Jawna\",\"description\":\"\",\"publisher\":{\"@id\":\"https:\/\/www.trans-uslugi.pl\/#organization\"},\"potentialAction\":[{\"@type\":\"SearchAction\",\"target\":{\"@type\":\"EntryPoint\",\"urlTemplate\":\"https:\/\/www.trans-uslugi.pl\/?s={search_term_string}\"},\"query-input\":\"required name=search_term_string\"}],\"inLanguage\":\"pl-PL\"},{\"@type\":\"Organization\",\"@id\":\"https:\/\/www.trans-uslugi.pl\/#organization\",\"name\":\"Trans-Us\u0142ugi Po\u0142e\u0107 Sp\u00f3\u0142ka Jawna\",\"url\":\"https:\/\/www.trans-uslugi.pl\/\",\"logo\":{\"@type\":\"ImageObject\",\"inLanguage\":\"pl-PL\",\"@id\":\"https:\/\/www.trans-uslugi.pl\/#\/schema\/logo\/image\/\",\"url\":\"https:\/\/www.trans-uslugi.pl\/wp-content\/uploads\/2024\/01\/cropped-cropped-POLEC-TRANS-USLUGI-LOGO.jpg\",\"contentUrl\":\"https:\/\/www.trans-uslugi.pl\/wp-content\/uploads\/2024\/01\/cropped-cropped-POLEC-TRANS-USLUGI-LOGO.jpg\",\"width\":2103,\"height\":670,\"caption\":\"Trans-Us\u0142ugi Po\u0142e\u0107 Sp\u00f3\u0142ka Jawna\"},\"image\":{\"@id\":\"https:\/\/www.trans-uslugi.pl\/#\/schema\/logo\/image\/\"},\"sameAs\":[\"https:\/\/www.facebook.com\/people\/Trans-Usugi-Poe\/100057060895884\/\"]}]}<\/script>\n<!-- \/ Yoast SEO plugin. -->","yoast_head_json":{"title":"Aktualno\u015bci - Trans-Us\u0142ugi Po\u0142e\u0107 Sp\u00f3\u0142ka Jawna","robots":{"index":"index","follow":"follow","max-snippet":"max-snippet:-1","max-image-preview":"max-image-preview:large","max-video-preview":"max-video-preview:-1"},"canonical":"https:\/\/www.trans-uslugi.pl\/?page_id=1425","og_locale":"pl_PL","og_type":"article","og_title":"Aktualno\u015bci - Trans-Us\u0142ugi Po\u0142e\u0107 Sp\u00f3\u0142ka Jawna","og_description":"ZMIANY W SPRZEDA\u017bY ON-LINE NA KURSY TRANS &#8211; US\u0141UGI PO\u0141E\u0106 Szanowni Pa\u0144stwo, Informujemy, \u017ce od dnia 11.02.2025 (wtorek) bilety na kursy firmy Trans &#8211; Us\u0142ugi Po\u0142e\u0107 b\u0119dzie mo\u017cna naby\u0107 za po\u015brednictwem w\u0142asnego systemu sprzeda\u017cowego Sp\u00f3\u0142ki. Zach\u0119camy do korzystania z tej formy sprzeda\u017cy! Zakupu mo\u017cna dokona\u0107 na kursy od 16.02.2025 (niedziela). Wystarczy klikn\u0105\u0107 w ikon\u0119 KUP [&hellip;]","og_url":"https:\/\/www.trans-uslugi.pl\/?page_id=1425","og_site_name":"Trans-Us\u0142ugi Po\u0142e\u0107 Sp\u00f3\u0142ka Jawna","article_publisher":"https:\/\/www.facebook.com\/people\/Trans-Usugi-Poe\/100057060895884\/","article_modified_time":"2025-03-14T10:30:09+00:00","og_image":[{"url":"https:\/\/www.trans-uslugi.pl\/wp-content\/uploads\/2025\/02\/kup-bilet-1-1024x858.jpg"}],"twitter_card":"summary_large_image","twitter_misc":{"Szacowany czas czytania":"2 minuty"},"schema":{"@context":"https:\/\/schema.org","@graph":[{"@type":"WebPage","@id":"https:\/\/www.trans-uslugi.pl\/?page_id=1425","url":"https:\/\/www.trans-uslugi.pl\/?page_id=1425","name":"Aktualno\u015bci - Trans-Us\u0142ugi Po\u0142e\u0107 Sp\u00f3\u0142ka Jawna","isPartOf":{"@id":"https:\/\/www.trans-uslugi.pl\/#website"},"datePublished":"2024-01-10T14:07:46+00:00","dateModified":"2025-03-14T10:30:09+00:00","breadcrumb":{"@id":"https:\/\/www.trans-uslugi.pl\/?page_id=1425#breadcrumb"},"inLanguage":"pl-PL","potentialAction":[{"@type":"ReadAction","target":["https:\/\/www.trans-uslugi.pl\/?page_id=1425"]}]},{"@type":"BreadcrumbList","@id":"https:\/\/www.trans-uslugi.pl\/?page_id=1425#breadcrumb","itemListElement":[{"@type":"ListItem","position":1,"name":"Strona g\u0142\u00f3wna","item":"https:\/\/www.trans-uslugi.pl\/"},{"@type":"ListItem","position":2,"name":"Aktualno\u015bci"}]},{"@type":"WebSite","@id":"https:\/\/www.trans-uslugi.pl\/#website","url":"https:\/\/www.trans-uslugi.pl\/","name":"Trans-Us\u0142ugi Po\u0142e\u0107 Sp\u00f3\u0142ka Jawna","description":"","publisher":{"@id":"https:\/\/www.trans-uslugi.pl\/#organization"},"potentialAction":[{"@type":"SearchAction","target":{"@type":"EntryPoint","urlTemplate":"https:\/\/www.trans-uslugi.pl\/?s={search_term_string}"},"query-input":"required name=search_term_string"}],"inLanguage":"pl-PL"},{"@type":"Organization","@id":"https:\/\/www.trans-uslugi.pl\/#organization","name":"Trans-Us\u0142ugi Po\u0142e\u0107 Sp\u00f3\u0142ka Jawna","url":"https:\/\/www.trans-uslugi.pl\/","logo":{"@type":"ImageObject","inLanguage":"pl-PL","@id":"https:\/\/www.trans-uslugi.pl\/#\/schema\/logo\/image\/","url":"https:\/\/www.trans-uslugi.pl\/wp-content\/uploads\/2024\/01\/cropped-cropped-POLEC-TRANS-USLUGI-LOGO.jpg","contentUrl":"https:\/\/www.trans-uslugi.pl\/wp-content\/uploads\/2024\/01\/cropped-cropped-POLEC-TRANS-USLUGI-LOGO.jpg","width":2103,"height":670,"caption":"Trans-Us\u0142ugi Po\u0142e\u0107 Sp\u00f3\u0142ka Jawna"},"image":{"@id":"https:\/\/www.trans-uslugi.pl\/#\/schema\/logo\/image\/"},"sameAs":["https:\/\/www.facebook.com\/people\/Trans-Usugi-Poe\/100057060895884\/"]}]}},"uagb_featured_image_src":{"full":false,"thumbnail":false,"medium":false,"medium_large":false,"large":false,"1536x1536":false,"2048x2048":false},"uagb_author_info":{"display_name":"damian","author_link":"https:\/\/www.trans-uslugi.pl\/?author=3"},"uagb_comment_info":0,"uagb_excerpt":"ZMIANY W SPRZEDA\u017bY ON-LINE NA KURSY TRANS &#8211; US\u0141UGI PO\u0141E\u0106 Szanowni Pa\u0144stwo, Informujemy, \u017ce od dnia 11.02.2025 (wtorek) bilety na kursy firmy Trans &#8211; Us\u0142ugi Po\u0142e\u0107 b\u0119dzie mo\u017cna naby\u0107 za po\u015brednictwem w\u0142asnego systemu sprzeda\u017cowego Sp\u00f3\u0142ki. Zach\u0119camy do korzystania z tej formy sprzeda\u017cy! Zakupu mo\u017cna dokona\u0107 na kursy od 16.02.2025 (niedziela). Wystarczy klikn\u0105\u0107 w ikon\u0119 KUP&hellip;","_links":{"self":[{"href":"https:\/\/www.trans-uslugi.pl\/index.php?rest_route=\/wp\/v2\/pages\/1425","targetHints":{"allow":["GET"]}}],"collection":[{"href":"https:\/\/www.trans-uslugi.pl\/index.php?rest_route=\/wp\/v2\/pages"}],"about":[{"href":"https:\/\/www.trans-uslugi.pl\/index.php?rest_route=\/wp\/v2\/types\/page"}],"author":[{"embeddable":true,"href":"https:\/\/www.trans-uslugi.pl\/index.php?rest_route=\/wp\/v2\/users\/3"}],"replies":[{"embeddable":true,"href":"https:\/\/www.trans-uslugi.pl\/index.php?rest_route=%2Fwp%2Fv2%2Fcomments&post=1425"}],"version-history":[{"count":128,"href":"https:\/\/www.trans-uslugi.pl\/index.php?rest_route=\/wp\/v2\/pages\/1425\/revisions"}],"predecessor-version":[{"id":2374,"href":"https:\/\/www.trans-uslugi.pl\/index.php?rest_route=\/wp\/v2\/pages\/1425\/revisions\/2374"}],"wp:attachment":[{"href":"https:\/\/www.trans-uslugi.pl\/index.php?rest_route=%2Fwp%2Fv2%2Fmedia&parent=1425"}],"curies":[{"name":"wp","href":"https:\/\/api.w.org\/{rel}","templated":true}]}}